{"id":81,"date":"2025-04-23T21:01:37","date_gmt":"2025-04-23T19:01:37","guid":{"rendered":"https:\/\/re-stud.io\/earth\/"},"modified":"2025-09-04T16:56:18","modified_gmt":"2025-09-04T14:56:18","slug":"edf-project","status":"publish","type":"page","link":"https:\/\/re-stud.io\/?page_id=81","title":{"rendered":"EDF"},"content":{"rendered":"\t\t<div data-elementor-type=\"wp-page\" data-elementor-id=\"81\" class=\"elementor elementor-81\" data-elementor-post-type=\"page\">\n\t\t\t\t<div class=\"elementor-element elementor-element-3c1a99c e-con-full e-flex e-con e-parent\" data-id=\"3c1a99c\" data-element_type=\"container\" data-e-type=\"container\" data-settings=\"{&quot;background_background&quot;:&quot;classic&quot;}\">\n\t\t<div class=\"elementor-element elementor-element-ee70b95 e-con-full e-flex e-con e-child\" data-id=\"ee70b95\" data-element_type=\"container\" data-e-type=\"container\" data-settings=\"{&quot;background_background&quot;:&quot;classic&quot;}\">\n\t\t<div class=\"elementor-element elementor-element-e1910a6 e-con-full e-flex e-con e-child\" data-id=\"e1910a6\" data-element_type=\"container\" data-e-type=\"container\" data-settings=\"{&quot;background_background&quot;:&quot;classic&quot;}\">\n\t\t\t\t<div class=\"elementor-element elementor-element-0895f20 elementor-invisible elementor-widget elementor-widget-heading\" data-id=\"0895f20\" data-element_type=\"widget\" data-e-type=\"widget\" data-settings=\"{&quot;_animation&quot;:&quot;slideInDown&quot;}\" data-widget_type=\"heading.default\">\n\t\t\t\t<div class=\"elementor-widget-container\">\n\t\t\t\t\t<h1 class=\"elementor-heading-title elementor-size-default\">edf.<\/h1>\t\t\t\t<\/div>\n\t\t\t\t<\/div>\n\t\t\t\t<div class=\"elementor-element elementor-element-139f0df elementor-widget elementor-widget-text-editor\" data-id=\"139f0df\" data-element_type=\"widget\" data-e-type=\"widget\" data-widget_type=\"text-editor.default\">\n\t\t\t\t<div class=\"elementor-widget-container\">\n\t\t\t\t\t\t\t\t\t<p>Comment permettre \u00e0 chaque collaborateur d\u2019acc\u00e9der aux m\u00eames opportunit\u00e9s d\u2019\u00e9volution et de d\u00e9veloppement professionnel, quels que soient son poste ou son parcours ?<\/p>\t\t\t\t\t\t\t\t<\/div>\n\t\t\t\t<\/div>\n\t\t\t\t<\/div>\n\t\t\t\t<\/div>\n\t\t<div class=\"elementor-element elementor-element-4771cab e-con-full e-flex e-con e-child\" data-id=\"4771cab\" data-element_type=\"container\" data-e-type=\"container\" data-settings=\"{&quot;background_background&quot;:&quot;classic&quot;}\">\n\t\t\t\t<div class=\"elementor-element elementor-element-e8d8677 elementor-view-framed elementor-widget__width-inherit elementor-shape-circle elementor-widget elementor-widget-icon\" data-id=\"e8d8677\" data-element_type=\"widget\" data-e-type=\"widget\" data-widget_type=\"icon.default\">\n\t\t\t\t<div class=\"elementor-widget-container\">\n\t\t\t\t\t\t\t<div class=\"elementor-icon-wrapper\">\n\t\t\t<a class=\"elementor-icon elementor-animation-shrink\" href=\"#next\">\n\t\t\t<svg xmlns=\"http:\/\/www.w3.org\/2000\/svg\" id=\"afa01258-5fdc-4e2a-84c3-52c21a777b3e\" data-name=\"Layer 1\" width=\"9.1074\" height=\"16.0991\" viewBox=\"0 0 9.1074 16.0991\"><polygon points=\"8.188 10.626 5.191 13.624 5.191 0 3.891 0 3.891 13.599 0.919 10.626 0 11.546 4.554 16.099 9.107 11.546 8.188 10.626\"><\/polygon><\/svg>\t\t\t<\/a>\n\t\t<\/div>\n\t\t\t\t\t\t<\/div>\n\t\t\t\t<\/div>\n\t\t\t\t<\/div>\n\t\t\t\t<\/div>\n\t\t<div class=\"elementor-element elementor-element-1a2ea69 e-flex e-con-boxed e-con e-parent\" data-id=\"1a2ea69\" data-element_type=\"container\" data-e-type=\"container\" data-settings=\"{&quot;background_background&quot;:&quot;classic&quot;}\">\n\t\t\t\t\t<div class=\"e-con-inner\">\n\t\t\t\t<div class=\"elementor-element elementor-element-223799f elementor-icon-list--layout-inline elementor-align-center elementor-widget__width-initial elementor-list-item-link-full_width elementor-widget elementor-widget-icon-list\" data-id=\"223799f\" data-element_type=\"widget\" data-e-type=\"widget\" data-settings=\"{&quot;motion_fx_motion_fx_scrolling&quot;:&quot;yes&quot;,&quot;motion_fx_translateX_effect&quot;:&quot;yes&quot;,&quot;motion_fx_translateX_speed&quot;:{&quot;unit&quot;:&quot;px&quot;,&quot;size&quot;:4,&quot;sizes&quot;:[]},&quot;motion_fx_translateX_affectedRange&quot;:{&quot;unit&quot;:&quot;%&quot;,&quot;size&quot;:&quot;&quot;,&quot;sizes&quot;:{&quot;start&quot;:0,&quot;end&quot;:100}},&quot;motion_fx_devices&quot;:[&quot;desktop&quot;,&quot;tablet&quot;,&quot;mobile&quot;]}\" data-widget_type=\"icon-list.default\">\n\t\t\t\t<div class=\"elementor-widget-container\">\n\t\t\t\t\t\t\t<ul class=\"elementor-icon-list-items elementor-inline-items\">\n\t\t\t\t\t\t\t<li class=\"elementor-icon-list-item elementor-inline-item\">\n\t\t\t\t\t\t\t\t\t\t<span class=\"elementor-icon-list-text\">\u00c9tape #1 Entretiens <\/span>\n\t\t\t\t\t\t\t\t\t<\/li>\n\t\t\t\t\t\t<\/ul>\n\t\t\t\t\t\t<\/div>\n\t\t\t\t<\/div>\n\t\t\t\t\t<\/div>\n\t\t\t\t<\/div>\n\t\t<div class=\"elementor-element elementor-element-5aed1a2 e-con-full e-flex e-con e-parent\" data-id=\"5aed1a2\" data-element_type=\"container\" data-e-type=\"container\" data-settings=\"{&quot;background_background&quot;:&quot;classic&quot;}\">\n\t\t\t\t<\/div>\n\t\t<div class=\"elementor-element elementor-element-9661098 e-flex e-con-boxed e-con e-parent\" data-id=\"9661098\" data-element_type=\"container\" data-e-type=\"container\" data-settings=\"{&quot;background_background&quot;:&quot;classic&quot;}\">\n\t\t\t\t\t<div class=\"e-con-inner\">\n\t\t\t\t<div class=\"elementor-element elementor-element-22ad097 elementor-icon-list--layout-inline elementor-align-center elementor-list-item-link-full_width elementor-widget elementor-widget-icon-list\" data-id=\"22ad097\" data-element_type=\"widget\" data-e-type=\"widget\" data-settings=\"{&quot;motion_fx_motion_fx_scrolling&quot;:&quot;yes&quot;,&quot;motion_fx_translateX_effect&quot;:&quot;yes&quot;,&quot;motion_fx_translateX_speed&quot;:{&quot;unit&quot;:&quot;px&quot;,&quot;size&quot;:4,&quot;sizes&quot;:[]},&quot;motion_fx_translateX_affectedRange&quot;:{&quot;unit&quot;:&quot;%&quot;,&quot;size&quot;:&quot;&quot;,&quot;sizes&quot;:{&quot;start&quot;:0,&quot;end&quot;:100}},&quot;motion_fx_devices&quot;:[&quot;desktop&quot;,&quot;tablet&quot;,&quot;mobile&quot;]}\" data-widget_type=\"icon-list.default\">\n\t\t\t\t<div class=\"elementor-widget-container\">\n\t\t\t\t\t\t\t<ul class=\"elementor-icon-list-items elementor-inline-items\">\n\t\t\t\t\t\t\t<li class=\"elementor-icon-list-item elementor-inline-item\">\n\t\t\t\t\t\t\t\t\t\t<span class=\"elementor-icon-list-text\">\u00c9tape #2 Analyse de donn\u00e9es<\/span>\n\t\t\t\t\t\t\t\t\t<\/li>\n\t\t\t\t\t\t<\/ul>\n\t\t\t\t\t\t<\/div>\n\t\t\t\t<\/div>\n\t\t\t\t\t<\/div>\n\t\t\t\t<\/div>\n\t\t<div class=\"elementor-element elementor-element-e1a567e e-con-full e-flex e-con e-parent\" data-id=\"e1a567e\" data-element_type=\"container\" data-e-type=\"container\" data-settings=\"{&quot;background_background&quot;:&quot;classic&quot;}\">\n\t\t\t\t<\/div>\n\t\t<div class=\"elementor-element elementor-element-7416512 e-flex e-con-boxed e-con e-parent\" data-id=\"7416512\" data-element_type=\"container\" data-e-type=\"container\" data-settings=\"{&quot;background_background&quot;:&quot;classic&quot;}\">\n\t\t\t\t\t<div class=\"e-con-inner\">\n\t\t\t\t<div class=\"elementor-element elementor-element-b3b28b8 elementor-icon-list--layout-inline elementor-align-center elementor-list-item-link-full_width elementor-widget elementor-widget-icon-list\" data-id=\"b3b28b8\" data-element_type=\"widget\" data-e-type=\"widget\" data-settings=\"{&quot;motion_fx_motion_fx_scrolling&quot;:&quot;yes&quot;,&quot;motion_fx_translateX_effect&quot;:&quot;yes&quot;,&quot;motion_fx_translateX_speed&quot;:{&quot;unit&quot;:&quot;px&quot;,&quot;size&quot;:4,&quot;sizes&quot;:[]},&quot;motion_fx_translateX_affectedRange&quot;:{&quot;unit&quot;:&quot;%&quot;,&quot;size&quot;:&quot;&quot;,&quot;sizes&quot;:{&quot;start&quot;:0,&quot;end&quot;:100}},&quot;motion_fx_devices&quot;:[&quot;desktop&quot;,&quot;tablet&quot;,&quot;mobile&quot;]}\" data-widget_type=\"icon-list.default\">\n\t\t\t\t<div class=\"elementor-widget-container\">\n\t\t\t\t\t\t\t<ul class=\"elementor-icon-list-items elementor-inline-items\">\n\t\t\t\t\t\t\t<li class=\"elementor-icon-list-item elementor-inline-item\">\n\t\t\t\t\t\t\t\t\t\t<span class=\"elementor-icon-list-text\">\u00c9tape #3 Solution<\/span>\n\t\t\t\t\t\t\t\t\t<\/li>\n\t\t\t\t\t\t<\/ul>\n\t\t\t\t\t\t<\/div>\n\t\t\t\t<\/div>\n\t\t\t\t\t<\/div>\n\t\t\t\t<\/div>\n\t\t<div class=\"elementor-element elementor-element-721a5e2 e-con-full e-flex e-con e-parent\" data-id=\"721a5e2\" data-element_type=\"container\" data-e-type=\"container\">\n\t\t<div class=\"elementor-element elementor-element-7738c0c e-con-full e-flex e-con e-child\" data-id=\"7738c0c\" data-element_type=\"container\" data-e-type=\"container\" data-settings=\"{&quot;background_background&quot;:&quot;classic&quot;}\">\n\t\t\t\t<div class=\"elementor-element elementor-element-9736ef2 elementor-widget__width-initial elementor-widget-mobile__width-inherit vignette-scroll elementor-hidden-tablet elementor-hidden-mobile elementor-invisible elementor-widget elementor-widget-icon-box\" data-id=\"9736ef2\" data-element_type=\"widget\" data-e-type=\"widget\" data-settings=\"{&quot;_animation&quot;:&quot;fadeIn&quot;}\" data-widget_type=\"icon-box.default\">\n\t\t\t\t<div class=\"elementor-widget-container\">\n\t\t\t\t\t\t\t<div class=\"elementor-icon-box-wrapper\">\n\n\t\t\t\n\t\t\t\t\t\t<div class=\"elementor-icon-box-content\">\n\n\t\t\t\t\t\t\t\t\t<h3 class=\"elementor-icon-box-title\">\n\t\t\t\t\t\t<span  >\n\t\t\t\t\t\t\tUne solution gamifi\u00e9e\t\t\t\t\t\t<\/span>\n\t\t\t\t\t<\/h3>\n\t\t\t\t\n\t\t\t\t\t\t\t\t\t<p class=\"elementor-icon-box-description\">\n\t\t\t\t\t\tNous avons imagin\u00e9 une plateforme de formation gamifi\u00e9e qui propose aux collaborateurs plusieurs parcours, leur permettant de d\u00e9velopper leurs comp\u00e9tences tout en choisissant ce qui les motive vraiment.\t\t\t\t\t<\/p>\n\t\t\t\t\n\t\t\t<\/div>\n\t\t\t\n\t\t<\/div>\n\t\t\t\t\t\t<\/div>\n\t\t\t\t<\/div>\n\t\t\t\t<div class=\"elementor-element elementor-element-dcbc55b elementor-widget__width-initial elementor-widget-mobile__width-inherit elementor-hidden-desktop elementor-invisible elementor-widget elementor-widget-icon-box\" data-id=\"dcbc55b\" data-element_type=\"widget\" data-e-type=\"widget\" data-settings=\"{&quot;_animation&quot;:&quot;fadeIn&quot;}\" data-widget_type=\"icon-box.default\">\n\t\t\t\t<div class=\"elementor-widget-container\">\n\t\t\t\t\t\t\t<div class=\"elementor-icon-box-wrapper\">\n\n\t\t\t\n\t\t\t\t\t\t<div class=\"elementor-icon-box-content\">\n\n\t\t\t\t\t\t\t\t\t<h3 class=\"elementor-icon-box-title\">\n\t\t\t\t\t\t<span  >\n\t\t\t\t\t\t\tUne solution gamifi\u00e9e\t\t\t\t\t\t<\/span>\n\t\t\t\t\t<\/h3>\n\t\t\t\t\n\t\t\t\t\t\t\t\t\t<p class=\"elementor-icon-box-description\">\n\t\t\t\t\t\tNous avons imagin\u00e9 une plateforme de formation gamifi\u00e9e qui propose aux collaborateurs plusieurs parcours, leur permettant de d\u00e9velopper leurs comp\u00e9tences tout en choisissant ce qui les motive vraiment.\t\t\t\t\t<\/p>\n\t\t\t\t\n\t\t\t<\/div>\n\t\t\t\n\t\t<\/div>\n\t\t\t\t\t\t<\/div>\n\t\t\t\t<\/div>\n\t\t\t\t<\/div>\n\t\t<div class=\"elementor-element elementor-element-9dcd66f e-con-full elementor-hidden-tablet elementor-hidden-mobile e-flex e-con e-child\" data-id=\"9dcd66f\" data-element_type=\"container\" data-e-type=\"container\" data-settings=\"{&quot;background_background&quot;:&quot;classic&quot;,&quot;background_motion_fx_motion_fx_scrolling&quot;:&quot;yes&quot;,&quot;background_motion_fx_devices&quot;:[&quot;desktop&quot;,&quot;tablet&quot;,&quot;mobile&quot;]}\">\n\t\t\t\t<\/div>\n\t\t\t\t<\/div>\n\t\t<div class=\"elementor-element elementor-element-678a619 e-con-full e-flex e-con e-parent\" data-id=\"678a619\" data-element_type=\"container\" data-e-type=\"container\">\n\t\t\t\t<div class=\"elementor-element elementor-element-1973464 elementor--h-position-center elementor--v-position-middle elementor-arrows-position-inside elementor-pagination-position-inside elementor-widget elementor-widget-slides\" data-id=\"1973464\" data-element_type=\"widget\" data-e-type=\"widget\" data-settings=\"{&quot;navigation&quot;:&quot;both&quot;,&quot;infinite&quot;:&quot;yes&quot;,&quot;transition&quot;:&quot;slide&quot;,&quot;transition_speed&quot;:500}\" data-widget_type=\"slides.default\">\n\t\t\t\t<div class=\"elementor-widget-container\">\n\t\t\t\t\t\t\t\t\t<div class=\"elementor-swiper\">\n\t\t\t\t\t<div class=\"elementor-slides-wrapper elementor-main-swiper swiper\" role=\"region\" aria-roledescription=\"carousel\" aria-label=\"Diapositives\" dir=\"ltr\" data-animation=\"fadeInUp\">\n\t\t\t\t<div class=\"swiper-wrapper elementor-slides\">\n\t\t\t\t\t\t\t\t\t\t<div class=\"elementor-repeater-item-29102a6 swiper-slide\" role=\"group\" aria-roledescription=\"slide\"><div class=\"swiper-slide-bg\" role=\"img\" aria-label=\"Interests\"><\/div><div class=\"swiper-slide-inner\" ><div class=\"swiper-slide-contents\"><div class=\"elementor-slide-heading\">Diapositive 1 Titre<\/div><div class=\"elementor-slide-description\">Lorem ipsum dolor sit amet consectetur adipiscing elit dolor<\/div><div  class=\"elementor-button elementor-slide-button elementor-size-sm\">Cliquer ici<\/div><\/div><\/div><\/div><div class=\"elementor-repeater-item-ea335cc swiper-slide\" role=\"group\" aria-roledescription=\"slide\"><div class=\"swiper-slide-bg\" role=\"img\" aria-label=\"Mes formations\"><\/div><div class=\"swiper-slide-inner\" ><div class=\"swiper-slide-contents\"><div class=\"elementor-slide-heading\">Diapositive 1 Titre<\/div><div class=\"elementor-slide-description\">Lorem ipsum dolor sit amet consectetur adipiscing elit dolor<\/div><div  class=\"elementor-button elementor-slide-button elementor-size-sm\">Cliquer ici<\/div><\/div><\/div><\/div><div class=\"elementor-repeater-item-c5e930e swiper-slide\" role=\"group\" aria-roledescription=\"slide\"><div class=\"swiper-slide-bg\" role=\"img\" aria-label=\"SysOps\"><\/div><div class=\"swiper-slide-inner\" ><div class=\"swiper-slide-contents\"><div class=\"elementor-slide-heading\">Diapositive 1 Titre<\/div><div class=\"elementor-slide-description\">Lorem ipsum dolor sit amet consectetur adipiscing elit dolor<\/div><div  class=\"elementor-button elementor-slide-button elementor-size-sm\">Cliquer ici<\/div><\/div><\/div><\/div><div class=\"elementor-repeater-item-056ac07 swiper-slide\" role=\"group\" aria-roledescription=\"slide\"><div class=\"swiper-slide-bg\" role=\"img\" aria-label=\"Cours_budget_video\"><\/div><div class=\"swiper-slide-inner\" ><div class=\"swiper-slide-contents\"><div class=\"elementor-slide-heading\">Diapositive 1 Titre<\/div><div class=\"elementor-slide-description\">Lorem ipsum dolor sit amet consectetur adipiscing elit dolor<\/div><div  class=\"elementor-button elementor-slide-button elementor-size-sm\">Cliquer ici<\/div><\/div><\/div><\/div><div class=\"elementor-repeater-item-36d5b00 swiper-slide\" role=\"group\" aria-roledescription=\"slide\"><div class=\"swiper-slide-bg\" role=\"img\" aria-label=\"Cours_budget_intro\"><\/div><div class=\"swiper-slide-inner\" ><div class=\"swiper-slide-contents\"><div class=\"elementor-slide-heading\">Diapositive 1 Titre<\/div><div class=\"elementor-slide-description\">Lorem ipsum dolor sit amet consectetur adipiscing elit dolor<\/div><div  class=\"elementor-button elementor-slide-button elementor-size-sm\">Cliquer ici<\/div><\/div><\/div><\/div><div class=\"elementor-repeater-item-5cc78da swiper-slide\" role=\"group\" aria-roledescription=\"slide\"><div class=\"swiper-slide-bg\" role=\"img\" aria-label=\"choix multiples 2\"><\/div><div class=\"swiper-slide-inner\" ><div class=\"swiper-slide-contents\"><div class=\"elementor-slide-heading\">Diapositive 1 Titre<\/div><div class=\"elementor-slide-description\">Lorem ipsum dolor sit amet consectetur adipiscing elit dolor<\/div><div  class=\"elementor-button elementor-slide-button elementor-size-sm\">Cliquer ici<\/div><\/div><\/div><\/div><div class=\"elementor-repeater-item-42ccea6 swiper-slide\" role=\"group\" aria-roledescription=\"slide\"><div class=\"swiper-slide-bg\" role=\"img\" aria-label=\"Glisser 4\"><\/div><div class=\"swiper-slide-inner\" ><div class=\"swiper-slide-contents\"><div class=\"elementor-slide-heading\">Diapositive 1 Titre<\/div><div class=\"elementor-slide-description\">Lorem ipsum dolor sit amet consectetur adipiscing elit dolor<\/div><div  class=\"elementor-button elementor-slide-button elementor-size-sm\">Cliquer ici<\/div><\/div><\/div><\/div><div class=\"elementor-repeater-item-f4bccd0 swiper-slide\" role=\"group\" aria-roledescription=\"slide\"><div class=\"swiper-slide-bg\" role=\"img\" aria-label=\"Glisser 4\"><\/div><div class=\"swiper-slide-inner\" ><div class=\"swiper-slide-contents\"><div class=\"elementor-slide-heading\">Diapositive 1 Titre<\/div><div class=\"elementor-slide-description\">Lorem ipsum dolor sit amet consectetur adipiscing elit dolor<\/div><div  class=\"elementor-button elementor-slide-button elementor-size-sm\">Cliquer ici<\/div><\/div><\/div><\/div><div class=\"elementor-repeater-item-2d93b95 swiper-slide\" role=\"group\" aria-roledescription=\"slide\"><div class=\"swiper-slide-bg\" role=\"img\" aria-label=\"Id\u00e9e re\u00e7ue_1\"><\/div><div class=\"swiper-slide-inner\" ><div class=\"swiper-slide-contents\"><div class=\"elementor-slide-heading\">Diapositive 1 Titre<\/div><div class=\"elementor-slide-description\">Lorem ipsum dolor sit amet consectetur adipiscing elit dolor<\/div><div  class=\"elementor-button elementor-slide-button elementor-size-sm\">Cliquer ici<\/div><\/div><\/div><\/div><div class=\"elementor-repeater-item-126f401 swiper-slide\" role=\"group\" aria-roledescription=\"slide\"><div class=\"swiper-slide-bg\" role=\"img\" aria-label=\"Quizz_r\u00e9ponses\"><\/div><div class=\"swiper-slide-inner\" ><div class=\"swiper-slide-contents\"><div class=\"elementor-slide-heading\">Diapositive 1 Titre<\/div><div class=\"elementor-slide-description\">Lorem ipsum dolor sit amet consectetur adipiscing elit dolor<\/div><div  class=\"elementor-button elementor-slide-button elementor-size-sm\">Cliquer ici<\/div><\/div><\/div><\/div><div class=\"elementor-repeater-item-8293032 swiper-slide\" role=\"group\" aria-roledescription=\"slide\"><div class=\"swiper-slide-bg\" role=\"img\" aria-label=\"Seule choix 6\"><\/div><div class=\"swiper-slide-inner\" ><div class=\"swiper-slide-contents\"><div class=\"elementor-slide-heading\">Diapositive 1 Titre<\/div><div class=\"elementor-slide-description\">Lorem ipsum dolor sit amet consectetur adipiscing elit dolor<\/div><div  class=\"elementor-button elementor-slide-button elementor-size-sm\">Cliquer ici<\/div><\/div><\/div><\/div><div class=\"elementor-repeater-item-0b8769b swiper-slide\" role=\"group\" aria-roledescription=\"slide\"><div class=\"swiper-slide-bg\" role=\"img\" aria-label=\"Fin\"><\/div><div class=\"swiper-slide-inner\" ><div class=\"swiper-slide-contents\"><div class=\"elementor-slide-heading\">Diapositive 1 Titre<\/div><div class=\"elementor-slide-description\">Lorem ipsum dolor sit amet consectetur adipiscing elit dolor<\/div><div  class=\"elementor-button elementor-slide-button elementor-size-sm\">Cliquer ici<\/div><\/div><\/div><\/div><div class=\"elementor-repeater-item-392abcf swiper-slide\" role=\"group\" aria-roledescription=\"slide\"><div class=\"swiper-slide-bg\" role=\"img\" aria-label=\"Certif\"><\/div><div class=\"swiper-slide-inner\" ><div class=\"swiper-slide-contents\"><div class=\"elementor-slide-heading\">Diapositive 1 Titre<\/div><div class=\"elementor-slide-description\">Lorem ipsum dolor sit amet consectetur adipiscing elit dolor<\/div><div  class=\"elementor-button elementor-slide-button elementor-size-sm\">Cliquer ici<\/div><\/div><\/div><\/div>\t\t\t\t<\/div>\n\t\t\t\t\t\t\t\t\t\t\t\t\t\t\t<div class=\"elementor-swiper-button elementor-swiper-button-prev\" role=\"button\" tabindex=\"0\" aria-label=\"Diapositive pr\u00e9c\u00e9dente\">\n\t\t\t\t\t\t\t<svg aria-hidden=\"true\" class=\"e-font-icon-svg e-eicon-chevron-left\" viewBox=\"0 0 1000 1000\" xmlns=\"http:\/\/www.w3.org\/2000\/svg\"><path d=\"M646 125C629 125 613 133 604 142L308 442C296 454 292 471 292 487 292 504 296 521 308 533L604 854C617 867 629 875 646 875 663 875 679 871 692 858 704 846 713 829 713 812 713 796 708 779 692 767L438 487 692 225C700 217 708 204 708 187 708 171 704 154 692 142 675 129 663 125 646 125Z\"><\/path><\/svg>\t\t\t\t\t\t<\/div>\n\t\t\t\t\t\t<div class=\"elementor-swiper-button elementor-swiper-button-next\" role=\"button\" tabindex=\"0\" aria-label=\"Diapositive suivante\">\n\t\t\t\t\t\t\t<svg aria-hidden=\"true\" class=\"e-font-icon-svg e-eicon-chevron-right\" viewBox=\"0 0 1000 1000\" xmlns=\"http:\/\/www.w3.org\/2000\/svg\"><path d=\"M696 533C708 521 713 504 713 487 713 471 708 454 696 446L400 146C388 133 375 125 354 125 338 125 325 129 313 142 300 154 292 171 292 187 292 204 296 221 308 233L563 492 304 771C292 783 288 800 288 817 288 833 296 850 308 863 321 871 338 875 354 875 371 875 388 867 400 854L696 533Z\"><\/path><\/svg>\t\t\t\t\t\t<\/div>\n\t\t\t\t\t\t\t\t\t\t\t\t\t\t\t\t<div class=\"swiper-pagination\"><\/div>\n\t\t\t\t\t\t\t\t\t\t\t\t<\/div>\n\t\t\t\t<\/div>\n\t\t\t\t\t\t\t\t<\/div>\n\t\t\t\t<\/div>\n\t\t\t\t<\/div>\n\t\t\t\t<\/div>\n\t\t","protected":false},"excerpt":{"rendered":"<p>edf. Comment permettre \u00e0 chaque collaborateur d\u2019acc\u00e9der aux m\u00eames opportunit\u00e9s d\u2019\u00e9volution et de d\u00e9veloppement professionnel, quels que soient son poste ou son parcours ? \u00c9tape #1 Entretiens \u00c9tape #2 Analyse de donn\u00e9es \u00c9tape #3 Solution Une solution gamifi\u00e9e Nous avons imagin\u00e9 une plateforme de formation gamifi\u00e9e qui propose aux collaborateurs plusieurs parcours, leur permettant de [&hellip;]<\/p>\n","protected":false},"author":265242956,"featured_media":0,"parent":0,"menu_order":0,"comment_status":"closed","ping_status":"closed","template":"elementor_header_footer","meta":{"_crdt_document":"","om_disable_all_campaigns":false,"_monsterinsights_skip_tracking":false,"_monsterinsights_sitenote_active":false,"_monsterinsights_sitenote_note":"","_monsterinsights_sitenote_category":0,"footnotes":""},"class_list":["post-81","page","type-page","status-publish","hentry"],"aioseo_notices":[],"_links":{"self":[{"href":"https:\/\/re-stud.io\/index.php?rest_route=\/wp\/v2\/pages\/81","targetHints":{"allow":["GET"]}}],"collection":[{"href":"https:\/\/re-stud.io\/index.php?rest_route=\/wp\/v2\/pages"}],"about":[{"href":"https:\/\/re-stud.io\/index.php?rest_route=\/wp\/v2\/types\/page"}],"author":[{"embeddable":true,"href":"https:\/\/re-stud.io\/index.php?rest_route=\/wp\/v2\/users\/265242956"}],"replies":[{"embeddable":true,"href":"https:\/\/re-stud.io\/index.php?rest_route=%2Fwp%2Fv2%2Fcomments&post=81"}],"version-history":[{"count":103,"href":"https:\/\/re-stud.io\/index.php?rest_route=\/wp\/v2\/pages\/81\/revisions"}],"predecessor-version":[{"id":1844,"href":"https:\/\/re-stud.io\/index.php?rest_route=\/wp\/v2\/pages\/81\/revisions\/1844"}],"wp:attachment":[{"href":"https:\/\/re-stud.io\/index.php?rest_route=%2Fwp%2Fv2%2Fmedia&parent=81"}],"curies":[{"name":"wp","href":"https:\/\/api.w.org\/{rel}","templated":true}]}}